{"id":11245,"date":"2019-09-24T11:47:57","date_gmt":"2019-09-24T10:47:57","guid":{"rendered":"http:\/\/www.bcm.it\/editrice\/\/?page_id=11245"},"modified":"2019-10-29T11:51:12","modified_gmt":"2019-10-29T10:51:12","slug":"tutela-della-privacy","status":"publish","type":"page","link":"https:\/\/www.bcm.it\/editrice\/tutela-della-privacy\/","title":{"rendered":"Tutela della Privacy"},"content":{"rendered":"<div class=\"wpb-content-wrapper\"><p>[vc_row content_width=&#8221;grid&#8221; center_bck_image=&#8221;no&#8221;][vc_column][vc_empty_space height=&#8221;40px&#8221;][vc_column_text]<\/p>\n<h4><em><strong>INFORMATIVA PRIVACY<\/strong><\/em><\/h4>\n<h5><u>ai sensi dell\u2019art. 13 del Regolamento (UE) 2016\/679 del Parlamento Europeo e del Consiglio relativo alla protezione delle persone fisiche con riguardo al trattamento dei dati personali, nonch\u00e9 alla libera circolazione di tali dati<\/u><\/h5>\n<p>&nbsp;<\/p>\n<p><strong>1 \u2013 Tipologia di dati raccolti e trattati<\/strong><br \/>\nLa scuola BCM raccoglier\u00e0 e tratter\u00e0 unicamente i suoi dati personali identificativi e scolastici, necessari per le finalit\u00e0 istituzionali della scuola, che sono quelle relative alla formazione degli iscritti e a quelle amministrative ad essa correlate. Il trattamento viene effettuato con modalit\u00e0 cartacee e\/o informatizzate, con l\u2019osservanza di ogni misura cautelativa della sicurezza e riservatezza dei Suoi dati.<br \/>\nLa informiamo che la scuola non le richiede e non tratta le categorie di dati definite all\u2019art. 9 comma 1 del regolamento, cio\u00e8 i dati che rivelino l\u2019origine razziale o etnica, le opinioni politiche, le convinzioni religiose o filosofiche, l\u2019appartenenza sindacale, i dati genetici,i dati biometrici intesi a identificare in modo univoco una persona fisica, dati relativi alla salute o alla vita sessuale o all\u2019orientamento sessuale della persona<br \/>\n<strong>2 \u2013 Identit\u00e0 del titolare del trattamento e dati di contatto<\/strong><br \/>\nIl titolare del trattamento \u00e8 la SCUOLA BCM srl, con sede in Via Revere, 15 \u2013 20123 MILANO nella persona del suo legale rappresentante, domiciliato per la sua carica presso la sede indicata sopra.<br \/>\n<strong>3- Finalit\u00e0 del trattamento<\/strong><br \/>\nIl trattamento dei dati di cui al punto 1 \u00e8 diretto esclusivamente al raggiungimento delle seguenti finalit\u00e0, la cui disciplina normativa costituisce anche la base giuridica del trattamento stesso:<br \/>\na) per la definizione del contratto di iscrizione ai corsi di formazione da Lei richiesti; b) per la gestione delle attivit\u00e0 didattiche; c) per gli adempimenti amministrativi connessi<br \/>\n<strong>4 \u2013 Legittimi interessi perseguiti dal titolare del trattamento<\/strong><br \/>\nCostituiscono legittimi interessi del Titolare, che pu\u00f2 procedere al trattamento anche in assenza del consenso da parte dell\u2019interessato:<br \/>\na) quelli indicati al punto che precede; b) specifici trattamenti legati al recupero crediti o alla difesa giudiziale; c) la prevenzione delle frodi e dei reati.<br \/>\n<strong>5 \u2013 Destinatari dei dati personali<\/strong><br \/>\nI dati personali di cui al punto 1 raccolti per il raggiungimento delle finalit\u00e0 indicate al punto potranno essere comunicati esclusivamente a soggetti pubblici coinvolti nell\u2019erogazione dei corsi secondo quanto previsto dalle disposizioni di legge. I dati relativi agli esiti scolastici potranno essere pubblicati mediante affissione all\u2019albo della scuola. I suoi dati potranno essere comunicati ad enti privati per l\u2019esecuzione di attivit\u00e0 di stage.<br \/>\n<strong>6 \u2013 Trasferimento dei dati personali a un paese terzo o a un\u2019organizzazione internazionale<\/strong><br \/>\nI dati personali di cui al punto 1 raccolti per il raggiungimento delle finalit\u00e0 indicate al punto 3, non verranno trasferiti a Paesi Terzi o a organismi internazionali<br \/>\n<strong>7 \u2013 Periodo di conservazione dei dati<\/strong><br \/>\nI Suoi dati rimarranno custoditi nei nostri archivi per il tempo strettamente necessario agli adempimenti di legge, al termine del periodo di custodia i dati a Lei concernenti verranno distrutti<br \/>\n<strong>8 Conferimento dati e conseguenze di un eventuale rifiuto di rispondere<\/strong><br \/>\nIl conferimento dei dati \u00e8: a) obbligatorio per il raggiungimento delle finalit\u00e0 connesse agli obblighi previsti da leggi o da altre normative vincolanti; b) necessario per la corretta instaurazione o prosecuzione del rapporto con Lei i instaurato.\u00a0<u>Un eventuale rifiuto di fornire i dati di cui sopra, seppur certo legittimo, potrebbe compromettere il regolare svolgimento del rapporto.<\/u><br \/>\n<strong>9. Diritti dell\u2019interessato<\/strong><br \/>\nAl titolare del trattamento Lei potr\u00e0 rivolgersi per far valere i Suoi diritti cos\u00ec come previsti dagli artt. 15 (accesso), 16 (rettifica), 17 (cancellazione), 18 (limitazione), 20 (portabilit\u00e0), 21 (opposizione),del regolamento cui si rimanda integralmente.<br \/>\nL\u2019interessato potr\u00e0 fare valere i propri mediante comunicazione scritta da inviare a mezzo pec all\u2019indirizzo\u00a0<a href=\"mailto:scuolabcm@pec.it\">scuolabcm@pec.it<\/a>\u00a0o lettera raccomandata a\/r indirizzata a BCM Beauty Center of Milan Srl, via Revere 15 20123 Milano<\/p>\n<p>&nbsp;<\/p>\n<h6>Vi ricordiamo che, fermo restando quanto sopra indicato nei punti 3,4 e 8 della presente informativa, ai sensi dell\u2019art. 7 del Regolamento il trattamento dei Vs. dati \u00e8 ammesso solo con\u00a0<u>consenso espresso attraverso dichiarazione o azione positiva inequivocabile<\/u>, ma non necessariamente in forma scritta prevista, invece, per le categorie particolari di dati e per i dati personali relativi a condanne penali e reati di cui agli artt. 9 e 10 del Regolamento. La volontariet\u00e0 con cui ci ha fornito i Suoi dati costituisce di per s\u00e9 azione positiva inequivocabile; Vi preghiamo, in ogni caso, di comunicarci le eventuali opposizioni al trattamento di cui al punto 9 dell\u2019informativa e la cui assenza verr\u00e0 da noi interpretata come espressione del consenso alla continuazione al trattamento.<\/h6>\n<p>[\/vc_column_text][vc_empty_space height=&#8221;40px&#8221;][\/vc_column][\/vc_row]<\/p>\n<\/div>","protected":false},"excerpt":{"rendered":"<p>[vc_row content_width=&#8221;grid&#8221; center_bck_image=&#8221;no&#8221;][vc_column][vc_empty_space height=&#8221;40px&#8221;][vc_column_text] INFORMATIVA PRIVACY ai sensi dell\u2019art. 13 del Regolamento (UE) 2016\/679 del Parlamento Europeo e del Consiglio relativo alla protezione delle persone fisiche con riguardo al trattamento dei dati personali, nonch\u00e9 alla libera circolazione di tali dati &nbsp; 1 \u2013 Tipologia di&#8230;<\/p>\n","protected":false},"author":1,"featured_media":0,"parent":0,"menu_order":0,"comment_status":"closed","ping_status":"closed","template":"full-width.php","meta":{"inline_featured_image":false,"footnotes":""},"class_list":["post-11245","page","type-page","status-publish","hentry"],"yoast_head":"<!-- This site is optimized with the Yoast SEO plugin v26.5 - https:\/\/yoast.com\/wordpress\/plugins\/seo\/ -->\n<title>Tutela della Privacy - Bcm Editrice<\/title>\n<meta name=\"robots\" content=\"index, follow, max-snippet:-1, max-image-preview:large, max-video-preview:-1\" \/>\n<link rel=\"canonical\" href=\"https:\/\/www.bcm.it\/editrice\/tutela-della-privacy\/\" \/>\n<meta property=\"og:locale\" content=\"it_IT\" \/>\n<meta property=\"og:type\" content=\"article\" \/>\n<meta property=\"og:title\" content=\"Tutela della Privacy - Bcm Editrice\" \/>\n<meta property=\"og:description\" content=\"[vc_row content_width=&#8221;grid&#8221; center_bck_image=&#8221;no&#8221;][vc_column][vc_empty_space height=&#8221;40px&#8221;][vc_column_text] INFORMATIVA PRIVACY ai sensi dell\u2019art. 13 del Regolamento (UE) 2016\/679 del Parlamento Europeo e del Consiglio relativo alla protezione delle persone fisiche con riguardo al trattamento dei dati personali, nonch\u00e9 alla libera circolazione di tali dati &nbsp; 1 \u2013 Tipologia di...\" \/>\n<meta property=\"og:url\" content=\"https:\/\/www.bcm.it\/editrice\/tutela-della-privacy\/\" \/>\n<meta property=\"og:site_name\" content=\"Bcm Editrice\" \/>\n<meta property=\"article:modified_time\" content=\"2019-10-29T10:51:12+00:00\" \/>\n<meta name=\"twitter:card\" content=\"summary_large_image\" \/>\n<meta name=\"twitter:label1\" content=\"Tempo di lettura stimato\" \/>\n\t<meta name=\"twitter:data1\" content=\"4 minuti\" \/>\n<script type=\"application\/ld+json\" class=\"yoast-schema-graph\">{\"@context\":\"https:\/\/schema.org\",\"@graph\":[{\"@type\":\"WebPage\",\"@id\":\"https:\/\/www.bcm.it\/editrice\/tutela-della-privacy\/\",\"url\":\"https:\/\/www.bcm.it\/editrice\/tutela-della-privacy\/\",\"name\":\"Tutela della Privacy - Bcm Editrice\",\"isPartOf\":{\"@id\":\"https:\/\/www.bcm.it\/editrice\/#website\"},\"datePublished\":\"2019-09-24T10:47:57+00:00\",\"dateModified\":\"2019-10-29T10:51:12+00:00\",\"breadcrumb\":{\"@id\":\"https:\/\/www.bcm.it\/editrice\/tutela-della-privacy\/#breadcrumb\"},\"inLanguage\":\"it-IT\",\"potentialAction\":[{\"@type\":\"ReadAction\",\"target\":[\"https:\/\/www.bcm.it\/editrice\/tutela-della-privacy\/\"]}]},{\"@type\":\"BreadcrumbList\",\"@id\":\"https:\/\/www.bcm.it\/editrice\/tutela-della-privacy\/#breadcrumb\",\"itemListElement\":[{\"@type\":\"ListItem\",\"position\":1,\"name\":\"BCM EDITRICE\",\"item\":\"https:\/\/www.bcm.it\/editrice\/\"},{\"@type\":\"ListItem\",\"position\":2,\"name\":\"Tutela della Privacy\"}]},{\"@type\":\"WebSite\",\"@id\":\"https:\/\/www.bcm.it\/editrice\/#website\",\"url\":\"https:\/\/www.bcm.it\/editrice\/\",\"name\":\"Bcm Editrice\",\"description\":\"Bcm Editrice\",\"potentialAction\":[{\"@type\":\"SearchAction\",\"target\":{\"@type\":\"EntryPoint\",\"urlTemplate\":\"https:\/\/www.bcm.it\/editrice\/?s={search_term_string}\"},\"query-input\":{\"@type\":\"PropertyValueSpecification\",\"valueRequired\":true,\"valueName\":\"search_term_string\"}}],\"inLanguage\":\"it-IT\"}]}<\/script>\n<!-- \/ Yoast SEO plugin. -->","yoast_head_json":{"title":"Tutela della Privacy - Bcm Editrice","robots":{"index":"index","follow":"follow","max-snippet":"max-snippet:-1","max-image-preview":"max-image-preview:large","max-video-preview":"max-video-preview:-1"},"canonical":"https:\/\/www.bcm.it\/editrice\/tutela-della-privacy\/","og_locale":"it_IT","og_type":"article","og_title":"Tutela della Privacy - Bcm Editrice","og_description":"[vc_row content_width=&#8221;grid&#8221; center_bck_image=&#8221;no&#8221;][vc_column][vc_empty_space height=&#8221;40px&#8221;][vc_column_text] INFORMATIVA PRIVACY ai sensi dell\u2019art. 13 del Regolamento (UE) 2016\/679 del Parlamento Europeo e del Consiglio relativo alla protezione delle persone fisiche con riguardo al trattamento dei dati personali, nonch\u00e9 alla libera circolazione di tali dati &nbsp; 1 \u2013 Tipologia di...","og_url":"https:\/\/www.bcm.it\/editrice\/tutela-della-privacy\/","og_site_name":"Bcm Editrice","article_modified_time":"2019-10-29T10:51:12+00:00","twitter_card":"summary_large_image","twitter_misc":{"Tempo di lettura stimato":"4 minuti"},"schema":{"@context":"https:\/\/schema.org","@graph":[{"@type":"WebPage","@id":"https:\/\/www.bcm.it\/editrice\/tutela-della-privacy\/","url":"https:\/\/www.bcm.it\/editrice\/tutela-della-privacy\/","name":"Tutela della Privacy - Bcm Editrice","isPartOf":{"@id":"https:\/\/www.bcm.it\/editrice\/#website"},"datePublished":"2019-09-24T10:47:57+00:00","dateModified":"2019-10-29T10:51:12+00:00","breadcrumb":{"@id":"https:\/\/www.bcm.it\/editrice\/tutela-della-privacy\/#breadcrumb"},"inLanguage":"it-IT","potentialAction":[{"@type":"ReadAction","target":["https:\/\/www.bcm.it\/editrice\/tutela-della-privacy\/"]}]},{"@type":"BreadcrumbList","@id":"https:\/\/www.bcm.it\/editrice\/tutela-della-privacy\/#breadcrumb","itemListElement":[{"@type":"ListItem","position":1,"name":"BCM EDITRICE","item":"https:\/\/www.bcm.it\/editrice\/"},{"@type":"ListItem","position":2,"name":"Tutela della Privacy"}]},{"@type":"WebSite","@id":"https:\/\/www.bcm.it\/editrice\/#website","url":"https:\/\/www.bcm.it\/editrice\/","name":"Bcm Editrice","description":"Bcm Editrice","potentialAction":[{"@type":"SearchAction","target":{"@type":"EntryPoint","urlTemplate":"https:\/\/www.bcm.it\/editrice\/?s={search_term_string}"},"query-input":{"@type":"PropertyValueSpecification","valueRequired":true,"valueName":"search_term_string"}}],"inLanguage":"it-IT"}]}},"_links":{"self":[{"href":"https:\/\/www.bcm.it\/editrice\/wp-json\/wp\/v2\/pages\/11245","targetHints":{"allow":["GET"]}}],"collection":[{"href":"https:\/\/www.bcm.it\/editrice\/wp-json\/wp\/v2\/pages"}],"about":[{"href":"https:\/\/www.bcm.it\/editrice\/wp-json\/wp\/v2\/types\/page"}],"author":[{"embeddable":true,"href":"https:\/\/www.bcm.it\/editrice\/wp-json\/wp\/v2\/users\/1"}],"replies":[{"embeddable":true,"href":"https:\/\/www.bcm.it\/editrice\/wp-json\/wp\/v2\/comments?post=11245"}],"version-history":[{"count":2,"href":"https:\/\/www.bcm.it\/editrice\/wp-json\/wp\/v2\/pages\/11245\/revisions"}],"predecessor-version":[{"id":11247,"href":"https:\/\/www.bcm.it\/editrice\/wp-json\/wp\/v2\/pages\/11245\/revisions\/11247"}],"wp:attachment":[{"href":"https:\/\/www.bcm.it\/editrice\/wp-json\/wp\/v2\/media?parent=11245"}],"curies":[{"name":"wp","href":"https:\/\/api.w.org\/{rel}","templated":true}]}}